{"id":472,"date":"2018-10-21T10:46:10","date_gmt":"2018-10-21T08:46:10","guid":{"rendered":"https:\/\/fino-caffe.hr\/?page_id=472&#038;lang=en"},"modified":"2019-08-18T13:51:43","modified_gmt":"2019-08-18T11:51:43","slug":"novosti","status":"publish","type":"page","link":"https:\/\/fino-caffe.hr\/en\/novosti\/","title":{"rendered":"News"},"content":{"rendered":"[vc_row][vc_column]<div class=\"vcex-module vcex-recent-news clr wpex-row\"><div class=\"col span_1_of_2 vcex-recent-news-entry-wrap col-1\"><article class=\"vcex-recent-news-entry clr no-left-padding post-1243 post type-post status-publish format-standard has-post-thumbnail hentry category-news entry has-media\"><div class=\"vcex-news-entry-details clr\"><div class=\"vcex-news-entry-thumbnail clr\"><a href=\"https:\/\/fino-caffe.hr\/en\/novi-asortiman-proizvoda-whey-proteini\/\" title=\"NOVI ASORTIMAN PROIZVODA \u2013 WHEY PROTEINI\"><img loading=\"lazy\" decoding=\"async\" alt=\"NOVI ASORTIMAN PROIZVODA \u2013 WHEY PROTEINI\" src=\"https:\/\/fino-caffe.hr\/wp-content\/uploads\/2023\/01\/Whey_protein_powder.jpg\" data-no-retina width=\"1200\" height=\"1145\" \/><\/a><\/div><header class=\"vcex-recent-news-entry-title entry-title\"><h2 class=\"vcex-recent-news-entry-title-heading\"><a href=\"https:\/\/fino-caffe.hr\/en\/novi-asortiman-proizvoda-whey-proteini\/\">NOVI ASORTIMAN PROIZVODA \u2013 WHEY PROTEINI<\/a><\/h2><\/header><div class=\"vcex-recent-news-entry-excerpt clr\"><div class=\"entry\"><p>Me\u0111u najpopularnijim odlukama je briga o zdravlju, kondiciji i izgledu. Kada pove\u0107avate tjelesnu aktivnost, ne zaboravite je poduprijeti visokoproteinskom dijetom jer tijelo treba vi\u0161e proteina tijekom pove\u0107ane aktivnosti. Za one&hellip;<\/p><\/div><a href=\"https:\/\/fino-caffe.hr\/en\/novi-asortiman-proizvoda-whey-proteini\/\" class=\"theme-button\">Vi\u0161e<\/a><\/div><\/div><\/article><\/div><div class=\"col span_1_of_2 vcex-recent-news-entry-wrap col-2\"><article class=\"vcex-recent-news-entry clr no-left-padding post-1121 post type-post status-publish format-standard has-post-thumbnail hentry category-news entry has-media\"><div class=\"vcex-news-entry-details clr\"><div class=\"vcex-news-entry-thumbnail clr\"><a href=\"https:\/\/fino-caffe.hr\/en\/how-to-prepare-ice-coffee\/\" title=\"How to prepare Ice Coffee?\"><img loading=\"lazy\" decoding=\"async\" alt=\"How To Prepare Ice Coffee?\" src=\"https:\/\/fino-caffe.hr\/wp-content\/uploads\/2021\/06\/Ice-Coffee_Ledena-kava.jpg\" data-no-retina width=\"1280\" height=\"1280\" \/><\/a><\/div><header class=\"vcex-recent-news-entry-title entry-title\"><h2 class=\"vcex-recent-news-entry-title-heading\"><a href=\"https:\/\/fino-caffe.hr\/en\/how-to-prepare-ice-coffee\/\">How to prepare Ice Coffee?<\/a><\/h2><\/header><div class=\"vcex-recent-news-entry-excerpt clr\"><div class=\"entry\"><p>ICE COFFEE or ICED COFFEE is a refreshing and delicious cold beverage that you can enjoy whether you are at home, on the road or under a sunshade on the&hellip;<\/p><\/div><a href=\"https:\/\/fino-caffe.hr\/en\/how-to-prepare-ice-coffee\/\" class=\"theme-button\">Vi\u0161e<\/a><\/div><\/div><\/article><\/div><div class=\"col span_1_of_2 vcex-recent-news-entry-wrap col-1\"><article class=\"vcex-recent-news-entry clr no-left-padding post-874 post type-post status-publish format-standard has-post-thumbnail hentry category-news entry has-media\"><div class=\"vcex-news-entry-details clr\"><div class=\"vcex-news-entry-thumbnail clr\"><a href=\"https:\/\/fino-caffe.hr\/en\/hot-chocolate-preparation\/\" title=\"Hot Chocolate preparation\"><img loading=\"lazy\" decoding=\"async\" alt=\"Hot Chocolate Preparation\" src=\"https:\/\/fino-caffe.hr\/wp-content\/uploads\/2020\/04\/Topla-\u010dokolada-1.jpg\" data-no-retina width=\"1055\" height=\"796\" \/><\/a><\/div><header class=\"vcex-recent-news-entry-title entry-title\"><h2 class=\"vcex-recent-news-entry-title-heading\"><a href=\"https:\/\/fino-caffe.hr\/en\/hot-chocolate-preparation\/\">Hot Chocolate preparation<\/a><\/h2><\/header><div class=\"vcex-recent-news-entry-excerpt clr\"><div class=\"entry\"><p>HOT CHOCOLATE is created to satisfy even the finest palates of true chocolate connoisseurs. Hot Chocolate, known as the \"drink of the gods\", will surely brighten up your sleepy mornings&hellip;<\/p><\/div><a href=\"https:\/\/fino-caffe.hr\/en\/hot-chocolate-preparation\/\" class=\"theme-button\">Vi\u0161e<\/a><\/div><\/div><\/article><\/div><div class=\"col span_1_of_2 vcex-recent-news-entry-wrap col-2\"><article class=\"vcex-recent-news-entry clr no-left-padding post-617 post type-post status-publish format-standard has-post-thumbnail hentry category-news entry has-media\"><div class=\"vcex-news-entry-details clr\"><div class=\"vcex-news-entry-thumbnail clr\"><a href=\"https:\/\/fino-caffe.hr\/en\/new-project-in-2018-investment-in-expansion-of-production-capacity-of-promigo-d-o-o-by-improvement-of-the-packaging-process\/\" title=\"New project in 2018: \u201cInvestment in expansion of production capacity of PROMIGO d.o.o. by improvement of the packaging process\u201d\"><img loading=\"lazy\" decoding=\"async\" alt=\"New Project In 2018: \u201cInvestment In Expansion Of Production Capacity Of PROMIGO D.o.o. By Improvement Of The Packaging Process\u201d\" src=\"https:\/\/fino-caffe.hr\/wp-content\/uploads\/2018\/10\/Slika-vidljivost-bespovratna-sredstva-engleski.jpg\" data-no-retina width=\"1654\" height=\"1169\" \/><\/a><\/div><header class=\"vcex-recent-news-entry-title entry-title\"><h2 class=\"vcex-recent-news-entry-title-heading\"><a href=\"https:\/\/fino-caffe.hr\/en\/new-project-in-2018-investment-in-expansion-of-production-capacity-of-promigo-d-o-o-by-improvement-of-the-packaging-process\/\">New project in 2018: \u201cInvestment in expansion of production capacity of PROMIGO d.o.o. by improvement of the packaging process\u201d<\/a><\/h2><\/header><div class=\"vcex-recent-news-entry-excerpt clr\"><div class=\"entry\"><p>As part of the project \u201eE-impuls\u201d, KK.03.2.1.06., Promigo d.o.o. has invested 184.250,00 HRK in new packaging line for doypack packaging of which 85% (154.476,00 HRK) was financed by EU funds&hellip;<\/p><\/div><a href=\"https:\/\/fino-caffe.hr\/en\/new-project-in-2018-investment-in-expansion-of-production-capacity-of-promigo-d-o-o-by-improvement-of-the-packaging-process\/\" class=\"theme-button\">Vi\u0161e<\/a><\/div><\/div><\/article><\/div><div class=\"col span_1_of_2 vcex-recent-news-entry-wrap col-1\"><article class=\"vcex-recent-news-entry clr no-left-padding post-621 post type-post status-publish format-standard has-post-thumbnail hentry category-news entry has-media\"><div class=\"vcex-news-entry-details clr\"><div class=\"vcex-news-entry-thumbnail clr\"><a href=\"https:\/\/fino-caffe.hr\/en\/preparation-of-traditional-turkish-coffee\/\" title=\"Preparation of traditional Turkish coffee\"><img loading=\"lazy\" decoding=\"async\" alt=\"Preparation Of Traditional Turkish Coffee\" src=\"https:\/\/fino-caffe.hr\/wp-content\/uploads\/2018\/09\/Priprema-turske-kave.jpg\" data-no-retina width=\"423\" height=\"347\" \/><\/a><\/div><header class=\"vcex-recent-news-entry-title entry-title\"><h2 class=\"vcex-recent-news-entry-title-heading\"><a href=\"https:\/\/fino-caffe.hr\/en\/preparation-of-traditional-turkish-coffee\/\">Preparation of traditional Turkish coffee<\/a><\/h2><\/header><div class=\"vcex-recent-news-entry-excerpt clr\"><div class=\"entry\"><p>Turkish coffee is a bit different than preparing espresso or filter coffee because it takes time to prepare and therefore it has a bit of a special feel then other&hellip;<\/p><\/div><a href=\"https:\/\/fino-caffe.hr\/en\/preparation-of-traditional-turkish-coffee\/\" class=\"theme-button\">Vi\u0161e<\/a><\/div><\/div><\/article><\/div><div class=\"wpex-clear\"><\/div><\/div>[\/vc_column][\/vc_row]\n","protected":false},"excerpt":{"rendered":"<p>[vc_row][vc_column][\/vc_column][\/vc_row]<\/p>\n","protected":false},"author":1,"featured_media":0,"parent":0,"menu_order":0,"comment_status":"closed","ping_status":"closed","template":"","meta":{"footnotes":""},"class_list":["post-472","page","type-page","status-publish","hentry","entry","no-media"],"_links":{"self":[{"href":"https:\/\/fino-caffe.hr\/en\/wp-json\/wp\/v2\/pages\/472"}],"collection":[{"href":"https:\/\/fino-caffe.hr\/en\/wp-json\/wp\/v2\/pages"}],"about":[{"href":"https:\/\/fino-caffe.hr\/en\/wp-json\/wp\/v2\/types\/page"}],"author":[{"embeddable":true,"href":"https:\/\/fino-caffe.hr\/en\/wp-json\/wp\/v2\/users\/1"}],"replies":[{"embeddable":true,"href":"https:\/\/fino-caffe.hr\/en\/wp-json\/wp\/v2\/comments?post=472"}],"version-history":[{"count":4,"href":"https:\/\/fino-caffe.hr\/en\/wp-json\/wp\/v2\/pages\/472\/revisions"}],"predecessor-version":[{"id":740,"href":"https:\/\/fino-caffe.hr\/en\/wp-json\/wp\/v2\/pages\/472\/revisions\/740"}],"wp:attachment":[{"href":"https:\/\/fino-caffe.hr\/en\/wp-json\/wp\/v2\/media?parent=472"}],"curies":[{"name":"wp","href":"https:\/\/api.w.org\/{rel}","templated":true}]}}